{"id":634,"date":"2024-05-14T11:03:03","date_gmt":"2024-05-14T09:03:03","guid":{"rendered":"https:\/\/www.hotelcastello-mo.it\/chi-siamo\/"},"modified":"2024-06-11T14:17:26","modified_gmt":"2024-06-11T12:17:26","slug":"ueber-uns","status":"publish","type":"page","link":"https:\/\/www.hotelcastello-mo.it\/de\/ueber-uns\/","title":{"rendered":"\u00dcber uns"},"content":{"rendered":"<p>[et_pb_section fb_built=&#8220;1&#8243; _builder_version=&#8220;4.25.1&#8243; _module_preset=&#8220;default&#8220; background_color=&#8220;#6f6b59&#8243; custom_padding=&#8220;0px||0px||true|false&#8220; global_colors_info=&#8220;{}&#8220;][et_pb_row _builder_version=&#8220;4.25.1&#8243; _module_preset=&#8220;default&#8220; width=&#8220;90%&#8220; custom_padding=&#8220;70px||50px||false|false&#8220; global_colors_info=&#8220;{}&#8220;][et_pb_column type=&#8220;4_4&#8243; _builder_version=&#8220;4.25.1&#8243; _module_preset=&#8220;default&#8220; global_colors_info=&#8220;{}&#8220;][et_pb_text _builder_version=&#8220;4.25.1&#8243; _dynamic_attributes=&#8220;content&#8220; _module_preset=&#8220;default&#8220; header_font=&#8220;|||on|||||&#8220; header_text_align=&#8220;center&#8220; header_text_color=&#8220;#FFFFFF&#8220; header_font_size=&#8220;50px&#8220; custom_margin=&#8220;0px||0px||true|false&#8220; custom_padding=&#8220;0px||0px||true|false&#8220; header_font_size_tablet=&#8220;40px&#8220; header_font_size_phone=&#8220;28px&#8220; header_font_size_last_edited=&#8220;on|phone&#8220; global_colors_info=&#8220;{}&#8220;]@ET-DC@eyJkeW5hbWljIjp0cnVlLCJjb250ZW50IjoicG9zdF90aXRsZSIsInNldHRpbmdzIjp7ImJlZm9yZSI6IjxoMT4iLCJhZnRlciI6IjxoMT4ifX0=@[\/et_pb_text][\/et_pb_column][\/et_pb_row][\/et_pb_section][et_pb_section fb_built=&#8220;1&#8243; _builder_version=&#8220;4.25.1&#8243; _module_preset=&#8220;default&#8220; custom_padding=&#8220;35px|||||&#8220; global_colors_info=&#8220;{}&#8220;][et_pb_row _builder_version=&#8220;4.25.1&#8243; _module_preset=&#8220;default&#8220; width=&#8220;90%&#8220; global_colors_info=&#8220;{}&#8220;][et_pb_column type=&#8220;4_4&#8243; _builder_version=&#8220;4.25.1&#8243; _module_preset=&#8220;default&#8220; global_colors_info=&#8220;{}&#8220;][et_pb_text _builder_version=&#8220;4.25.1&#8243; _module_preset=&#8220;default&#8220; custom_margin=&#8220;||17px|||&#8220; hover_enabled=&#8220;0&#8243; global_colors_info=&#8220;{}&#8220; sticky_enabled=&#8220;0&#8243;]<\/p>\n<h1 class=\"entry-title\">\u00dcber uns<\/h1>\n<p>[\/et_pb_text][et_pb_text _builder_version=&#8220;4.25.1&#8243; _module_preset=&#8220;default&#8220; hover_enabled=&#8220;0&#8243; global_colors_info=&#8220;{}&#8220; sticky_enabled=&#8220;0&#8243;]<\/p>\n<p>\u00dcber uns<\/p>\n<p>Urspr\u00fcnglich war das Haus der Landsitz einer Adelsfamilie aus Modena und noch heute besitzt es die ruhige Atmosph\u00e4re seiner damaligen Bestimmung, auch wenn l\u00e4ngst zur Stadt geh\u00f6rt.<\/p>\n<p>Im Fr\u00fchling und im Sommer bezaubert \u00fcppiges Gr\u00fcn und am fr\u00fchen Morgen bekommt man oft Fasane und Hasen zu Gesicht.Federica Marcacci<\/p>\n<p><strong>Federica Marcacci<\/strong><\/p>\n<p>[\/et_pb_text][\/et_pb_column][\/et_pb_row][\/et_pb_section]<\/p>\n","protected":false},"excerpt":{"rendered":"<p>\u00dcber uns\u00dcber uns Urspr\u00fcnglich war das Haus der Landsitz einer Adelsfamilie aus Modena und noch heute besitzt es die ruhige Atmosph\u00e4re seiner damaligen Bestimmung, auch wenn l\u00e4ngst zur Stadt geh\u00f6rt. Im Fr\u00fchling und im Sommer bezaubert \u00fcppiges Gr\u00fcn und am fr\u00fchen Morgen bekommt man oft Fasane und Hasen zu Gesicht.Federica Marcacci Federica Marcacci<\/p>\n","protected":false},"author":1,"featured_media":0,"parent":0,"menu_order":0,"comment_status":"closed","ping_status":"closed","template":"","meta":{"_et_pb_use_builder":"on","_et_pb_old_content":"","_et_gb_content_width":"","ngg_post_thumbnail":0,"_joinchat":[],"footnotes":""},"yoast_head":"<!-- This site is optimized with the Yoast SEO plugin v23.0 - https:\/\/yoast.com\/wordpress\/plugins\/seo\/ -->\n<title>\u00dcber uns - HOTEL CASTELLO<\/title>\n<meta name=\"description\" content=\"Scopri la lussuosa residenza nobiliare dove si \u00e8 insediato l\u2019hotel Castello Ti aspettiamo.\" \/>\n<meta name=\"robots\" content=\"index, follow, max-snippet:-1, max-image-preview:large, max-video-preview:-1\" \/>\n<link rel=\"canonical\" href=\"https:\/\/www.hotelcastello-mo.it\/de\/ueber-uns\/\" \/>\n<meta property=\"og:locale\" content=\"de_DE\" \/>\n<meta property=\"og:type\" content=\"article\" \/>\n<meta property=\"og:title\" content=\"\u00dcber uns - HOTEL CASTELLO\" \/>\n<meta property=\"og:description\" content=\"Scopri la lussuosa residenza nobiliare dove si \u00e8 insediato l\u2019hotel Castello Ti aspettiamo.\" \/>\n<meta property=\"og:url\" content=\"https:\/\/www.hotelcastello-mo.it\/de\/ueber-uns\/\" \/>\n<meta property=\"og:site_name\" content=\"HOTEL CASTELLO\" \/>\n<meta property=\"article:modified_time\" content=\"2024-06-11T12:17:26+00:00\" \/>\n<meta name=\"twitter:card\" content=\"summary_large_image\" \/>\n<meta name=\"twitter:label1\" content=\"Gesch\u00e4tzte Lesezeit\" \/>\n\t<meta name=\"twitter:data1\" content=\"1\u00a0Minute\" \/>\n<script type=\"application\/ld+json\" class=\"yoast-schema-graph\">{\"@context\":\"https:\/\/schema.org\",\"@graph\":[{\"@type\":\"WebPage\",\"@id\":\"https:\/\/www.hotelcastello-mo.it\/de\/ueber-uns\/\",\"url\":\"https:\/\/www.hotelcastello-mo.it\/de\/ueber-uns\/\",\"name\":\"\u00dcber uns - HOTEL CASTELLO\",\"isPartOf\":{\"@id\":\"https:\/\/www.hotelcastello-mo.it\/#website\"},\"datePublished\":\"2024-05-14T09:03:03+00:00\",\"dateModified\":\"2024-06-11T12:17:26+00:00\",\"description\":\"Scopri la lussuosa residenza nobiliare dove si \u00e8 insediato l\u2019hotel Castello Ti aspettiamo.\",\"breadcrumb\":{\"@id\":\"https:\/\/www.hotelcastello-mo.it\/de\/ueber-uns\/#breadcrumb\"},\"inLanguage\":\"de\",\"potentialAction\":[{\"@type\":\"ReadAction\",\"target\":[\"https:\/\/www.hotelcastello-mo.it\/de\/ueber-uns\/\"]}]},{\"@type\":\"BreadcrumbList\",\"@id\":\"https:\/\/www.hotelcastello-mo.it\/de\/ueber-uns\/#breadcrumb\",\"itemListElement\":[{\"@type\":\"ListItem\",\"position\":1,\"name\":\"Home\",\"item\":\"https:\/\/www.hotelcastello-mo.it\/de\/\"},{\"@type\":\"ListItem\",\"position\":2,\"name\":\"\u00dcber uns\"}]},{\"@type\":\"WebSite\",\"@id\":\"https:\/\/www.hotelcastello-mo.it\/#website\",\"url\":\"https:\/\/www.hotelcastello-mo.it\/\",\"name\":\"HOTEL CASTELLO - SARA S.r.L.\",\"description\":\"Hotel tre stelle Modena\",\"publisher\":{\"@id\":\"https:\/\/www.hotelcastello-mo.it\/#organization\"},\"potentialAction\":[{\"@type\":\"SearchAction\",\"target\":{\"@type\":\"EntryPoint\",\"urlTemplate\":\"https:\/\/www.hotelcastello-mo.it\/?s={search_term_string}\"},\"query-input\":\"required name=search_term_string\"}],\"inLanguage\":\"de\"},{\"@type\":\"Organization\",\"@id\":\"https:\/\/www.hotelcastello-mo.it\/#organization\",\"name\":\"Hotel tre stelle Modena\",\"url\":\"https:\/\/www.hotelcastello-mo.it\/\",\"logo\":{\"@type\":\"ImageObject\",\"inLanguage\":\"de\",\"@id\":\"https:\/\/www.hotelcastello-mo.it\/#\/schema\/logo\/image\/\",\"url\":\"https:\/\/www.hotelcastello-mo.it\/wp-content\/uploads\/2024\/05\/logo_s.png\",\"contentUrl\":\"https:\/\/www.hotelcastello-mo.it\/wp-content\/uploads\/2024\/05\/logo_s.png\",\"width\":86,\"height\":125,\"caption\":\"Hotel tre stelle Modena\"},\"image\":{\"@id\":\"https:\/\/www.hotelcastello-mo.it\/#\/schema\/logo\/image\/\"}}]}<\/script>\n<!-- \/ Yoast SEO plugin. -->","yoast_head_json":{"title":"\u00dcber uns - HOTEL CASTELLO","description":"Scopri la lussuosa residenza nobiliare dove si \u00e8 insediato l\u2019hotel Castello Ti aspettiamo.","robots":{"index":"index","follow":"follow","max-snippet":"max-snippet:-1","max-image-preview":"max-image-preview:large","max-video-preview":"max-video-preview:-1"},"canonical":"https:\/\/www.hotelcastello-mo.it\/de\/ueber-uns\/","og_locale":"de_DE","og_type":"article","og_title":"\u00dcber uns - HOTEL CASTELLO","og_description":"Scopri la lussuosa residenza nobiliare dove si \u00e8 insediato l\u2019hotel Castello Ti aspettiamo.","og_url":"https:\/\/www.hotelcastello-mo.it\/de\/ueber-uns\/","og_site_name":"HOTEL CASTELLO","article_modified_time":"2024-06-11T12:17:26+00:00","twitter_card":"summary_large_image","twitter_misc":{"Gesch\u00e4tzte Lesezeit":"1\u00a0Minute"},"schema":{"@context":"https:\/\/schema.org","@graph":[{"@type":"WebPage","@id":"https:\/\/www.hotelcastello-mo.it\/de\/ueber-uns\/","url":"https:\/\/www.hotelcastello-mo.it\/de\/ueber-uns\/","name":"\u00dcber uns - HOTEL CASTELLO","isPartOf":{"@id":"https:\/\/www.hotelcastello-mo.it\/#website"},"datePublished":"2024-05-14T09:03:03+00:00","dateModified":"2024-06-11T12:17:26+00:00","description":"Scopri la lussuosa residenza nobiliare dove si \u00e8 insediato l\u2019hotel Castello Ti aspettiamo.","breadcrumb":{"@id":"https:\/\/www.hotelcastello-mo.it\/de\/ueber-uns\/#breadcrumb"},"inLanguage":"de","potentialAction":[{"@type":"ReadAction","target":["https:\/\/www.hotelcastello-mo.it\/de\/ueber-uns\/"]}]},{"@type":"BreadcrumbList","@id":"https:\/\/www.hotelcastello-mo.it\/de\/ueber-uns\/#breadcrumb","itemListElement":[{"@type":"ListItem","position":1,"name":"Home","item":"https:\/\/www.hotelcastello-mo.it\/de\/"},{"@type":"ListItem","position":2,"name":"\u00dcber uns"}]},{"@type":"WebSite","@id":"https:\/\/www.hotelcastello-mo.it\/#website","url":"https:\/\/www.hotelcastello-mo.it\/","name":"HOTEL CASTELLO - SARA S.r.L.","description":"Hotel tre stelle Modena","publisher":{"@id":"https:\/\/www.hotelcastello-mo.it\/#organization"},"potentialAction":[{"@type":"SearchAction","target":{"@type":"EntryPoint","urlTemplate":"https:\/\/www.hotelcastello-mo.it\/?s={search_term_string}"},"query-input":"required name=search_term_string"}],"inLanguage":"de"},{"@type":"Organization","@id":"https:\/\/www.hotelcastello-mo.it\/#organization","name":"Hotel tre stelle Modena","url":"https:\/\/www.hotelcastello-mo.it\/","logo":{"@type":"ImageObject","inLanguage":"de","@id":"https:\/\/www.hotelcastello-mo.it\/#\/schema\/logo\/image\/","url":"https:\/\/www.hotelcastello-mo.it\/wp-content\/uploads\/2024\/05\/logo_s.png","contentUrl":"https:\/\/www.hotelcastello-mo.it\/wp-content\/uploads\/2024\/05\/logo_s.png","width":86,"height":125,"caption":"Hotel tre stelle Modena"},"image":{"@id":"https:\/\/www.hotelcastello-mo.it\/#\/schema\/logo\/image\/"}}]}},"_links":{"self":[{"href":"https:\/\/www.hotelcastello-mo.it\/de\/wp-json\/wp\/v2\/pages\/634"}],"collection":[{"href":"https:\/\/www.hotelcastello-mo.it\/de\/wp-json\/wp\/v2\/pages"}],"about":[{"href":"https:\/\/www.hotelcastello-mo.it\/de\/wp-json\/wp\/v2\/types\/page"}],"author":[{"embeddable":true,"href":"https:\/\/www.hotelcastello-mo.it\/de\/wp-json\/wp\/v2\/users\/1"}],"replies":[{"embeddable":true,"href":"https:\/\/www.hotelcastello-mo.it\/de\/wp-json\/wp\/v2\/comments?post=634"}],"version-history":[{"count":2,"href":"https:\/\/www.hotelcastello-mo.it\/de\/wp-json\/wp\/v2\/pages\/634\/revisions"}],"predecessor-version":[{"id":638,"href":"https:\/\/www.hotelcastello-mo.it\/de\/wp-json\/wp\/v2\/pages\/634\/revisions\/638"}],"wp:attachment":[{"href":"https:\/\/www.hotelcastello-mo.it\/de\/wp-json\/wp\/v2\/media?parent=634"}],"curies":[{"name":"wp","href":"https:\/\/api.w.org\/{rel}","templated":true}]}}