{"id":650,"date":"2024-05-14T11:04:23","date_gmt":"2024-05-14T09:04:23","guid":{"rendered":"https:\/\/www.hotelcastello-mo.it\/tariffe-e-offerte\/"},"modified":"2024-06-11T14:28:47","modified_gmt":"2024-06-11T12:28:47","slug":"preise-und-angebote","status":"publish","type":"page","link":"https:\/\/www.hotelcastello-mo.it\/de\/preise-und-angebote\/","title":{"rendered":"Preise und angebote"},"content":{"rendered":"<p>[et_pb_section fb_built=&#8220;1&#8243; _builder_version=&#8220;4.25.1&#8243; _module_preset=&#8220;default&#8220; background_color=&#8220;#6f6b59&#8243; custom_padding=&#8220;0px||0px||true|false&#8220; locked=&#8220;off&#8220; global_colors_info=&#8220;{}&#8220;][et_pb_row _builder_version=&#8220;4.25.1&#8243; _module_preset=&#8220;default&#8220; width=&#8220;90%&#8220; custom_padding=&#8220;70px||50px||false|false&#8220; global_colors_info=&#8220;{}&#8220;][et_pb_column type=&#8220;4_4&#8243; _builder_version=&#8220;4.25.1&#8243; _module_preset=&#8220;default&#8220; global_colors_info=&#8220;{}&#8220;][et_pb_text _builder_version=&#8220;4.25.1&#8243; _dynamic_attributes=&#8220;content&#8220; _module_preset=&#8220;default&#8220; header_font=&#8220;|||on|||||&#8220; header_text_align=&#8220;center&#8220; header_text_color=&#8220;#FFFFFF&#8220; header_font_size=&#8220;50px&#8220; custom_margin=&#8220;0px||0px||true|false&#8220; custom_padding=&#8220;0px||0px||true|false&#8220; header_font_size_tablet=&#8220;40px&#8220; header_font_size_phone=&#8220;28px&#8220; header_font_size_last_edited=&#8220;on|phone&#8220; global_colors_info=&#8220;{}&#8220;]@ET-DC@eyJkeW5hbWljIjp0cnVlLCJjb250ZW50IjoicG9zdF90aXRsZSIsInNldHRpbmdzIjp7ImJlZm9yZSI6IjxoMT4iLCJhZnRlciI6IjxoMT4ifX0=@[\/et_pb_text][\/et_pb_column][\/et_pb_row][\/et_pb_section][et_pb_section fb_built=&#8220;1&#8243; _builder_version=&#8220;4.25.1&#8243; _module_preset=&#8220;default&#8220; locked=&#8220;off&#8220; global_colors_info=&#8220;{}&#8220;][et_pb_row _builder_version=&#8220;4.25.1&#8243; _module_preset=&#8220;default&#8220; width=&#8220;90%&#8220; global_colors_info=&#8220;{}&#8220;][et_pb_column type=&#8220;4_4&#8243; _builder_version=&#8220;4.25.1&#8243; _module_preset=&#8220;default&#8220; global_colors_info=&#8220;{}&#8220;][et_pb_text _builder_version=&#8220;4.25.1&#8243; _module_preset=&#8220;default&#8220; header_2_font=&#8220;&#8211;et_global_body_font|800|||||||&#8220; header_3_font=&#8220;&#8211;et_global_body_font|800|||||||&#8220; custom_margin=&#8220;||24px|||&#8220; hover_enabled=&#8220;0&#8243; global_colors_info=&#8220;{}&#8220; sticky_enabled=&#8220;0&#8243;]<\/p>\n<header class=\"entry-header\">\n<h1 class=\"entry-title\">Preise und Angebote<\/h1>\n<\/header>\n<p>[\/et_pb_text][et_pb_text _builder_version=&#8220;4.25.1&#8243; _module_preset=&#8220;default&#8220; header_2_font=&#8220;&#8211;et_global_body_font|800|||||||&#8220; header_3_font=&#8220;&#8211;et_global_body_font|800|||||||&#8220; hover_enabled=&#8220;0&#8243; global_colors_info=&#8220;{}&#8220; sticky_enabled=&#8220;0&#8243;]<\/p>\n<header class=\"entry-header\">\n<h4 class=\"entry-title\">Hotel Castello: Zimmer in der N\u00e4he des Poliklinikums in Modena<\/h4>\n<\/header>\n<div class=\"entry-content\">\n<ul>\n<li>Einzelzimmer, \u00fcbernachtung mit Fr\u00fchst\u00fcck:<br \/>von: 65,00 \u20ac b\/b&nbsp;&nbsp; \/&nbsp;&nbsp; bis: 85,00 \u20ac b\/b<\/li>\n<li>Doppelzimmer, \u00fcbernachtung mit Fr\u00fchst\u00fcck :<br \/>von: 94,00 \u20ac b\/b&nbsp;&nbsp; \/&nbsp;&nbsp; bis: 120,00 \u20ac b\/b<\/li>\n<\/ul>\n<ul>\n<li>3-Bett-Zimmer ,\u00fcbernachtung mit Fr\u00fchst\u00fcck:<br \/>von: 114,00 \u20ac b\/b&nbsp;&nbsp; \/&nbsp;&nbsp; bis: 150,00 \u20ac b\/b<\/li>\n<\/ul>\n<ul>\n<li>Familienzimmer (f\u00fcr vier Personen), \u00fcbernachtung mit Fr\u00fchst\u00fcck:<br \/>von: 136,00 \u20ac b\/b&nbsp;&nbsp; \/&nbsp;&nbsp; bis: 160,00 \u20ac b\/b<\/li>\n<\/ul>\n<ul>\n<li>Flexibles Buchungssystem:<br \/>Wir haben Verst\u00e4ndnis daf\u00fcr, dass etwas Unvorhergesehenes die Reisepl\u00e4ne im letzten Moment umwerfen kann. Deshalb sehen wir auch bei kurzfristiger Absage davon ab, Unkosten zu berechnen. Nichts desto trotz sind wir f\u00fcr eine Absage, auch im letzten Moment, dankbar.<\/li>\n<\/ul>\n<h4>F\u00fcr Angebote und Arrangements kontaktieren sie uns bitte telefonisch!<\/h4>\n<p>N-B.: Die Preise verstehen sich pro Zimmer pro Nacht, inklusive Fr\u00fchst\u00fcck, Parkplatz und Service<\/p>\n<\/div>\n<p>[\/et_pb_text][\/et_pb_column][\/et_pb_row][\/et_pb_section]<\/p>\n","protected":false},"excerpt":{"rendered":"<p>Preise und Angebote Hotel Castello: Zimmer in der N\u00e4he des Poliklinikums in Modena Einzelzimmer, \u00fcbernachtung mit Fr\u00fchst\u00fcck:von: 65,00 \u20ac b\/b&nbsp;&nbsp; \/&nbsp;&nbsp; bis: 85,00 \u20ac b\/b Doppelzimmer, \u00fcbernachtung mit Fr\u00fchst\u00fcck :von: 94,00 \u20ac b\/b&nbsp;&nbsp; \/&nbsp;&nbsp; bis: 120,00 \u20ac b\/b 3-Bett-Zimmer ,\u00fcbernachtung mit Fr\u00fchst\u00fcck:von: 114,00 \u20ac b\/b&nbsp;&nbsp; \/&nbsp;&nbsp; bis: 150,00 \u20ac b\/b Familienzimmer (f\u00fcr vier Personen), \u00fcbernachtung [&hellip;]<\/p>\n","protected":false},"author":1,"featured_media":0,"parent":0,"menu_order":0,"comment_status":"closed","ping_status":"closed","template":"","meta":{"_et_pb_use_builder":"on","_et_pb_old_content":"","_et_gb_content_width":"","ngg_post_thumbnail":0,"_joinchat":[],"footnotes":""},"yoast_head":"<!-- This site is optimized with the Yoast SEO plugin v23.0 - https:\/\/yoast.com\/wordpress\/plugins\/seo\/ -->\n<title>Preise und angebote - HOTEL CASTELLO<\/title>\n<meta name=\"robots\" content=\"index, follow, max-snippet:-1, max-image-preview:large, max-video-preview:-1\" \/>\n<link rel=\"canonical\" href=\"https:\/\/www.hotelcastello-mo.it\/de\/preise-und-angebote\/\" \/>\n<meta property=\"og:locale\" content=\"de_DE\" \/>\n<meta property=\"og:type\" content=\"article\" \/>\n<meta property=\"og:title\" content=\"Preise und angebote - HOTEL CASTELLO\" \/>\n<meta property=\"og:description\" content=\"Preise und Angebote Hotel Castello: Zimmer in der N\u00e4he des Poliklinikums in Modena Einzelzimmer, \u00fcbernachtung mit Fr\u00fchst\u00fcck:von: 65,00 \u20ac b\/b&nbsp;&nbsp; \/&nbsp;&nbsp; bis: 85,00 \u20ac b\/b Doppelzimmer, \u00fcbernachtung mit Fr\u00fchst\u00fcck :von: 94,00 \u20ac b\/b&nbsp;&nbsp; \/&nbsp;&nbsp; bis: 120,00 \u20ac b\/b 3-Bett-Zimmer ,\u00fcbernachtung mit Fr\u00fchst\u00fcck:von: 114,00 \u20ac b\/b&nbsp;&nbsp; \/&nbsp;&nbsp; bis: 150,00 \u20ac b\/b Familienzimmer (f\u00fcr vier Personen), \u00fcbernachtung [&hellip;]\" \/>\n<meta property=\"og:url\" content=\"https:\/\/www.hotelcastello-mo.it\/de\/preise-und-angebote\/\" \/>\n<meta property=\"og:site_name\" content=\"HOTEL CASTELLO\" \/>\n<meta property=\"article:modified_time\" content=\"2024-06-11T12:28:47+00:00\" \/>\n<meta name=\"twitter:card\" content=\"summary_large_image\" \/>\n<meta name=\"twitter:label1\" content=\"Gesch\u00e4tzte Lesezeit\" \/>\n\t<meta name=\"twitter:data1\" content=\"1\u00a0Minute\" \/>\n<script type=\"application\/ld+json\" class=\"yoast-schema-graph\">{\"@context\":\"https:\/\/schema.org\",\"@graph\":[{\"@type\":\"WebPage\",\"@id\":\"https:\/\/www.hotelcastello-mo.it\/de\/preise-und-angebote\/\",\"url\":\"https:\/\/www.hotelcastello-mo.it\/de\/preise-und-angebote\/\",\"name\":\"Preise und angebote - HOTEL CASTELLO\",\"isPartOf\":{\"@id\":\"https:\/\/www.hotelcastello-mo.it\/#website\"},\"datePublished\":\"2024-05-14T09:04:23+00:00\",\"dateModified\":\"2024-06-11T12:28:47+00:00\",\"breadcrumb\":{\"@id\":\"https:\/\/www.hotelcastello-mo.it\/de\/preise-und-angebote\/#breadcrumb\"},\"inLanguage\":\"de\",\"potentialAction\":[{\"@type\":\"ReadAction\",\"target\":[\"https:\/\/www.hotelcastello-mo.it\/de\/preise-und-angebote\/\"]}]},{\"@type\":\"BreadcrumbList\",\"@id\":\"https:\/\/www.hotelcastello-mo.it\/de\/preise-und-angebote\/#breadcrumb\",\"itemListElement\":[{\"@type\":\"ListItem\",\"position\":1,\"name\":\"Home\",\"item\":\"https:\/\/www.hotelcastello-mo.it\/de\/\"},{\"@type\":\"ListItem\",\"position\":2,\"name\":\"Preise und angebote\"}]},{\"@type\":\"WebSite\",\"@id\":\"https:\/\/www.hotelcastello-mo.it\/#website\",\"url\":\"https:\/\/www.hotelcastello-mo.it\/\",\"name\":\"HOTEL CASTELLO - SARA S.r.L.\",\"description\":\"Hotel tre stelle Modena\",\"publisher\":{\"@id\":\"https:\/\/www.hotelcastello-mo.it\/#organization\"},\"potentialAction\":[{\"@type\":\"SearchAction\",\"target\":{\"@type\":\"EntryPoint\",\"urlTemplate\":\"https:\/\/www.hotelcastello-mo.it\/?s={search_term_string}\"},\"query-input\":\"required name=search_term_string\"}],\"inLanguage\":\"de\"},{\"@type\":\"Organization\",\"@id\":\"https:\/\/www.hotelcastello-mo.it\/#organization\",\"name\":\"Hotel tre stelle Modena\",\"url\":\"https:\/\/www.hotelcastello-mo.it\/\",\"logo\":{\"@type\":\"ImageObject\",\"inLanguage\":\"de\",\"@id\":\"https:\/\/www.hotelcastello-mo.it\/#\/schema\/logo\/image\/\",\"url\":\"https:\/\/www.hotelcastello-mo.it\/wp-content\/uploads\/2024\/05\/logo_s.png\",\"contentUrl\":\"https:\/\/www.hotelcastello-mo.it\/wp-content\/uploads\/2024\/05\/logo_s.png\",\"width\":86,\"height\":125,\"caption\":\"Hotel tre stelle Modena\"},\"image\":{\"@id\":\"https:\/\/www.hotelcastello-mo.it\/#\/schema\/logo\/image\/\"}}]}<\/script>\n<!-- \/ Yoast SEO plugin. -->","yoast_head_json":{"title":"Preise und angebote - HOTEL CASTELLO","robots":{"index":"index","follow":"follow","max-snippet":"max-snippet:-1","max-image-preview":"max-image-preview:large","max-video-preview":"max-video-preview:-1"},"canonical":"https:\/\/www.hotelcastello-mo.it\/de\/preise-und-angebote\/","og_locale":"de_DE","og_type":"article","og_title":"Preise und angebote - HOTEL CASTELLO","og_description":"Preise und Angebote Hotel Castello: Zimmer in der N\u00e4he des Poliklinikums in Modena Einzelzimmer, \u00fcbernachtung mit Fr\u00fchst\u00fcck:von: 65,00 \u20ac b\/b&nbsp;&nbsp; \/&nbsp;&nbsp; bis: 85,00 \u20ac b\/b Doppelzimmer, \u00fcbernachtung mit Fr\u00fchst\u00fcck :von: 94,00 \u20ac b\/b&nbsp;&nbsp; \/&nbsp;&nbsp; bis: 120,00 \u20ac b\/b 3-Bett-Zimmer ,\u00fcbernachtung mit Fr\u00fchst\u00fcck:von: 114,00 \u20ac b\/b&nbsp;&nbsp; \/&nbsp;&nbsp; bis: 150,00 \u20ac b\/b Familienzimmer (f\u00fcr vier Personen), \u00fcbernachtung [&hellip;]","og_url":"https:\/\/www.hotelcastello-mo.it\/de\/preise-und-angebote\/","og_site_name":"HOTEL CASTELLO","article_modified_time":"2024-06-11T12:28:47+00:00","twitter_card":"summary_large_image","twitter_misc":{"Gesch\u00e4tzte Lesezeit":"1\u00a0Minute"},"schema":{"@context":"https:\/\/schema.org","@graph":[{"@type":"WebPage","@id":"https:\/\/www.hotelcastello-mo.it\/de\/preise-und-angebote\/","url":"https:\/\/www.hotelcastello-mo.it\/de\/preise-und-angebote\/","name":"Preise und angebote - HOTEL CASTELLO","isPartOf":{"@id":"https:\/\/www.hotelcastello-mo.it\/#website"},"datePublished":"2024-05-14T09:04:23+00:00","dateModified":"2024-06-11T12:28:47+00:00","breadcrumb":{"@id":"https:\/\/www.hotelcastello-mo.it\/de\/preise-und-angebote\/#breadcrumb"},"inLanguage":"de","potentialAction":[{"@type":"ReadAction","target":["https:\/\/www.hotelcastello-mo.it\/de\/preise-und-angebote\/"]}]},{"@type":"BreadcrumbList","@id":"https:\/\/www.hotelcastello-mo.it\/de\/preise-und-angebote\/#breadcrumb","itemListElement":[{"@type":"ListItem","position":1,"name":"Home","item":"https:\/\/www.hotelcastello-mo.it\/de\/"},{"@type":"ListItem","position":2,"name":"Preise und angebote"}]},{"@type":"WebSite","@id":"https:\/\/www.hotelcastello-mo.it\/#website","url":"https:\/\/www.hotelcastello-mo.it\/","name":"HOTEL CASTELLO - SARA S.r.L.","description":"Hotel tre stelle Modena","publisher":{"@id":"https:\/\/www.hotelcastello-mo.it\/#organization"},"potentialAction":[{"@type":"SearchAction","target":{"@type":"EntryPoint","urlTemplate":"https:\/\/www.hotelcastello-mo.it\/?s={search_term_string}"},"query-input":"required name=search_term_string"}],"inLanguage":"de"},{"@type":"Organization","@id":"https:\/\/www.hotelcastello-mo.it\/#organization","name":"Hotel tre stelle Modena","url":"https:\/\/www.hotelcastello-mo.it\/","logo":{"@type":"ImageObject","inLanguage":"de","@id":"https:\/\/www.hotelcastello-mo.it\/#\/schema\/logo\/image\/","url":"https:\/\/www.hotelcastello-mo.it\/wp-content\/uploads\/2024\/05\/logo_s.png","contentUrl":"https:\/\/www.hotelcastello-mo.it\/wp-content\/uploads\/2024\/05\/logo_s.png","width":86,"height":125,"caption":"Hotel tre stelle Modena"},"image":{"@id":"https:\/\/www.hotelcastello-mo.it\/#\/schema\/logo\/image\/"}}]}},"_links":{"self":[{"href":"https:\/\/www.hotelcastello-mo.it\/de\/wp-json\/wp\/v2\/pages\/650"}],"collection":[{"href":"https:\/\/www.hotelcastello-mo.it\/de\/wp-json\/wp\/v2\/pages"}],"about":[{"href":"https:\/\/www.hotelcastello-mo.it\/de\/wp-json\/wp\/v2\/types\/page"}],"author":[{"embeddable":true,"href":"https:\/\/www.hotelcastello-mo.it\/de\/wp-json\/wp\/v2\/users\/1"}],"replies":[{"embeddable":true,"href":"https:\/\/www.hotelcastello-mo.it\/de\/wp-json\/wp\/v2\/comments?post=650"}],"version-history":[{"count":2,"href":"https:\/\/www.hotelcastello-mo.it\/de\/wp-json\/wp\/v2\/pages\/650\/revisions"}],"predecessor-version":[{"id":653,"href":"https:\/\/www.hotelcastello-mo.it\/de\/wp-json\/wp\/v2\/pages\/650\/revisions\/653"}],"wp:attachment":[{"href":"https:\/\/www.hotelcastello-mo.it\/de\/wp-json\/wp\/v2\/media?parent=650"}],"curies":[{"name":"wp","href":"https:\/\/api.w.org\/{rel}","templated":true}]}}