{"id":654,"date":"2024-05-14T11:04:42","date_gmt":"2024-05-14T09:04:42","guid":{"rendered":"https:\/\/www.hotelcastello-mo.it\/modena-e-dintorni\/"},"modified":"2024-06-11T14:31:11","modified_gmt":"2024-06-11T12:31:11","slug":"modena","status":"publish","type":"page","link":"https:\/\/www.hotelcastello-mo.it\/de\/modena\/","title":{"rendered":"Modena"},"content":{"rendered":"<p>[et_pb_section fb_built=&#8220;1&#8243; _builder_version=&#8220;4.25.1&#8243; _module_preset=&#8220;default&#8220; background_color=&#8220;#6f6b59&#8243; custom_padding=&#8220;0px||0px||true|false&#8220; locked=&#8220;off&#8220; global_colors_info=&#8220;{}&#8220;][et_pb_row _builder_version=&#8220;4.25.1&#8243; _module_preset=&#8220;default&#8220; width=&#8220;90%&#8220; custom_padding=&#8220;70px||50px||false|false&#8220; global_colors_info=&#8220;{}&#8220;][et_pb_column type=&#8220;4_4&#8243; _builder_version=&#8220;4.25.1&#8243; _module_preset=&#8220;default&#8220; global_colors_info=&#8220;{}&#8220;][et_pb_text _builder_version=&#8220;4.25.1&#8243; _dynamic_attributes=&#8220;content&#8220; _module_preset=&#8220;default&#8220; header_font=&#8220;|||on|||||&#8220; header_text_align=&#8220;center&#8220; header_text_color=&#8220;#FFFFFF&#8220; header_font_size=&#8220;50px&#8220; custom_margin=&#8220;0px||0px||true|false&#8220; custom_padding=&#8220;0px||0px||true|false&#8220; header_font_size_tablet=&#8220;40px&#8220; header_font_size_phone=&#8220;28px&#8220; header_font_size_last_edited=&#8220;on|phone&#8220; global_colors_info=&#8220;{}&#8220;]@ET-DC@eyJkeW5hbWljIjp0cnVlLCJjb250ZW50IjoicG9zdF90aXRsZSIsInNldHRpbmdzIjp7ImJlZm9yZSI6IjxoMT4iLCJhZnRlciI6IjxoMT4ifX0=@[\/et_pb_text][\/et_pb_column][\/et_pb_row][\/et_pb_section][et_pb_section fb_built=&#8220;1&#8243; _builder_version=&#8220;4.25.1&#8243; _module_preset=&#8220;default&#8220; locked=&#8220;off&#8220; global_colors_info=&#8220;{}&#8220;][et_pb_row _builder_version=&#8220;4.25.1&#8243; _module_preset=&#8220;default&#8220; width=&#8220;90%&#8220; global_colors_info=&#8220;{}&#8220;][et_pb_column type=&#8220;4_4&#8243; _builder_version=&#8220;4.25.1&#8243; _module_preset=&#8220;default&#8220; global_colors_info=&#8220;{}&#8220;][et_pb_text _builder_version=&#8220;4.25.1&#8243; _module_preset=&#8220;default&#8220; custom_margin=&#8220;||18px|||&#8220; hover_enabled=&#8220;0&#8243; global_colors_info=&#8220;{}&#8220; sticky_enabled=&#8220;0&#8243;]<\/p>\n<header class=\"entry-header\">\n<h1 class=\"entry-title\">Modena<\/h1>\n<\/header>\n<p>[\/et_pb_text][et_pb_text _builder_version=&#8220;4.25.1&#8243; _module_preset=&#8220;default&#8220; hover_enabled=&#8220;0&#8243; global_colors_info=&#8220;{}&#8220; sticky_enabled=&#8220;0&#8243;]<\/p>\n<p>In der Mitte von Italienische Land Emilia Romagna, gibt es die Stadt von Modena. Es liegt auf der Poebene und es grenzt an Secchia und Panaro Fl\u00fcsse und den n\u00f6rdlichen Berge von Appenninen. Modena ist eine strategische Lage f\u00fcr die Handelsbeziehungen zwischen Nord und S\u00fcdItalien und auch zwischen Italien und Europa. Es ist 40 Km aus Bologna, 130 km aus Florenz, 170 km aus Mailand und 200km aus Venedig entfernt.<\/p>\n<p><strong>Warum sollt Ihr es besichtigen?<\/strong><\/p>\n<p>Modena ist sehr wichtig f\u00fcr seine Unesco Kulturg\u00fcter. Diese Stadt hat auch eine typische Kochkunst und es gibt Erneuerung und Tradition zusammen. Die Touristen k\u00f6nnen viele k\u00f6stliche Speisen genie\u00dfen, die unnachahmlich sind.<\/p>\n<p>Einfach in alle Jahreszeite zu besichtigen, Modena bietet den Touristen viele Sehensw\u00fcrdigkeiten an, zum Beispiel:<\/p>\n<ul>\n<li>der Dom;<\/li>\n<li>Piazza Grande und der Ghirlandina Turm (Patrimonio Unesco);<\/li>\n<li>Palazzo Ducale, Kunstwerk von Bartolomeo Avanzini, der heute die Stelle von der beruhmten Milit\u00e4rakademie ist;<\/li>\n<li>Die Kirche von Sant\u2019Agostino, mit der Skulptur von \u201cCompianto del Cristo morto\u201d von Begarelli;<\/li>\n<li>Stadmuseum von Kunst, arch\u00e4ologisch \u2013 ethnologisch;<\/li>\n<li>Die Estense Galerie;<\/li>\n<li>MEF-Museum Enzo Ferrari;<\/li>\n<li>Ferrari Museum Maranello;<\/li>\n<li>Museum von Bildchen.<\/li>\n<\/ul>\n<p>Etwas nicht zu vermissen<\/p>\n<ul>\n<li>Der typisch balsamisch Essig von Modena;<\/li>\n<li>Typische Wurstwaren (der wichtigste ist der Schinken von Modena);<\/li>\n<li>Tortellini,<\/li>\n<li>gef\u00fcllter Schweinsfu\u00df;<\/li>\n<li>Parmigiano Reggiano;<\/li>\n<li>Lambrusco, rot und prickelnd Wein;<\/li>\n<li>die Kirschen aus Vignola;<\/li>\n<li>und mehr\u2026<\/li>\n<\/ul>\n<p>[\/et_pb_text][\/et_pb_column][\/et_pb_row][\/et_pb_section]<\/p>\n","protected":false},"excerpt":{"rendered":"<p>Modena In der Mitte von Italienische Land Emilia Romagna, gibt es die Stadt von Modena. Es liegt auf der Poebene und es grenzt an Secchia und Panaro Fl\u00fcsse und den n\u00f6rdlichen Berge von Appenninen. Modena ist eine strategische Lage f\u00fcr die Handelsbeziehungen zwischen Nord und S\u00fcdItalien und auch zwischen Italien und Europa. Es ist 40 [&hellip;]<\/p>\n","protected":false},"author":1,"featured_media":0,"parent":0,"menu_order":0,"comment_status":"closed","ping_status":"closed","template":"","meta":{"_et_pb_use_builder":"on","_et_pb_old_content":"","_et_gb_content_width":"","ngg_post_thumbnail":0,"_joinchat":[],"footnotes":""},"yoast_head":"<!-- This site is optimized with the Yoast SEO plugin v23.0 - https:\/\/yoast.com\/wordpress\/plugins\/seo\/ -->\n<title>Modena - HOTEL CASTELLO<\/title>\n<meta name=\"description\" content=\"B&amp;B lussuoso e comodo per gli spostamenti vicino alla tangenziale di Modena ma immerso nella quiete e nel verde.\" \/>\n<meta name=\"robots\" content=\"index, follow, max-snippet:-1, max-image-preview:large, max-video-preview:-1\" \/>\n<link rel=\"canonical\" href=\"https:\/\/www.hotelcastello-mo.it\/de\/modena\/\" \/>\n<meta property=\"og:locale\" content=\"de_DE\" \/>\n<meta property=\"og:type\" content=\"article\" \/>\n<meta property=\"og:title\" content=\"Modena - HOTEL CASTELLO\" \/>\n<meta property=\"og:description\" content=\"B&amp;B lussuoso e comodo per gli spostamenti vicino alla tangenziale di Modena ma immerso nella quiete e nel verde.\" \/>\n<meta property=\"og:url\" content=\"https:\/\/www.hotelcastello-mo.it\/de\/modena\/\" \/>\n<meta property=\"og:site_name\" content=\"HOTEL CASTELLO\" \/>\n<meta property=\"article:modified_time\" content=\"2024-06-11T12:31:11+00:00\" \/>\n<meta name=\"twitter:card\" content=\"summary_large_image\" \/>\n<meta name=\"twitter:label1\" content=\"Gesch\u00e4tzte Lesezeit\" \/>\n\t<meta name=\"twitter:data1\" content=\"2\u00a0Minuten\" \/>\n<script type=\"application\/ld+json\" class=\"yoast-schema-graph\">{\"@context\":\"https:\/\/schema.org\",\"@graph\":[{\"@type\":\"WebPage\",\"@id\":\"https:\/\/www.hotelcastello-mo.it\/de\/modena\/\",\"url\":\"https:\/\/www.hotelcastello-mo.it\/de\/modena\/\",\"name\":\"Modena - HOTEL CASTELLO\",\"isPartOf\":{\"@id\":\"https:\/\/www.hotelcastello-mo.it\/#website\"},\"datePublished\":\"2024-05-14T09:04:42+00:00\",\"dateModified\":\"2024-06-11T12:31:11+00:00\",\"description\":\"B&B lussuoso e comodo per gli spostamenti vicino alla tangenziale di Modena ma immerso nella quiete e nel verde.\",\"breadcrumb\":{\"@id\":\"https:\/\/www.hotelcastello-mo.it\/de\/modena\/#breadcrumb\"},\"inLanguage\":\"de\",\"potentialAction\":[{\"@type\":\"ReadAction\",\"target\":[\"https:\/\/www.hotelcastello-mo.it\/de\/modena\/\"]}]},{\"@type\":\"BreadcrumbList\",\"@id\":\"https:\/\/www.hotelcastello-mo.it\/de\/modena\/#breadcrumb\",\"itemListElement\":[{\"@type\":\"ListItem\",\"position\":1,\"name\":\"Home\",\"item\":\"https:\/\/www.hotelcastello-mo.it\/de\/\"},{\"@type\":\"ListItem\",\"position\":2,\"name\":\"Modena\"}]},{\"@type\":\"WebSite\",\"@id\":\"https:\/\/www.hotelcastello-mo.it\/#website\",\"url\":\"https:\/\/www.hotelcastello-mo.it\/\",\"name\":\"HOTEL CASTELLO - SARA S.r.L.\",\"description\":\"Hotel tre stelle Modena\",\"publisher\":{\"@id\":\"https:\/\/www.hotelcastello-mo.it\/#organization\"},\"potentialAction\":[{\"@type\":\"SearchAction\",\"target\":{\"@type\":\"EntryPoint\",\"urlTemplate\":\"https:\/\/www.hotelcastello-mo.it\/?s={search_term_string}\"},\"query-input\":\"required name=search_term_string\"}],\"inLanguage\":\"de\"},{\"@type\":\"Organization\",\"@id\":\"https:\/\/www.hotelcastello-mo.it\/#organization\",\"name\":\"Hotel tre stelle Modena\",\"url\":\"https:\/\/www.hotelcastello-mo.it\/\",\"logo\":{\"@type\":\"ImageObject\",\"inLanguage\":\"de\",\"@id\":\"https:\/\/www.hotelcastello-mo.it\/#\/schema\/logo\/image\/\",\"url\":\"https:\/\/www.hotelcastello-mo.it\/wp-content\/uploads\/2024\/05\/logo_s.png\",\"contentUrl\":\"https:\/\/www.hotelcastello-mo.it\/wp-content\/uploads\/2024\/05\/logo_s.png\",\"width\":86,\"height\":125,\"caption\":\"Hotel tre stelle Modena\"},\"image\":{\"@id\":\"https:\/\/www.hotelcastello-mo.it\/#\/schema\/logo\/image\/\"}}]}<\/script>\n<!-- \/ Yoast SEO plugin. -->","yoast_head_json":{"title":"Modena - HOTEL CASTELLO","description":"B&B lussuoso e comodo per gli spostamenti vicino alla tangenziale di Modena ma immerso nella quiete e nel verde.","robots":{"index":"index","follow":"follow","max-snippet":"max-snippet:-1","max-image-preview":"max-image-preview:large","max-video-preview":"max-video-preview:-1"},"canonical":"https:\/\/www.hotelcastello-mo.it\/de\/modena\/","og_locale":"de_DE","og_type":"article","og_title":"Modena - HOTEL CASTELLO","og_description":"B&B lussuoso e comodo per gli spostamenti vicino alla tangenziale di Modena ma immerso nella quiete e nel verde.","og_url":"https:\/\/www.hotelcastello-mo.it\/de\/modena\/","og_site_name":"HOTEL CASTELLO","article_modified_time":"2024-06-11T12:31:11+00:00","twitter_card":"summary_large_image","twitter_misc":{"Gesch\u00e4tzte Lesezeit":"2\u00a0Minuten"},"schema":{"@context":"https:\/\/schema.org","@graph":[{"@type":"WebPage","@id":"https:\/\/www.hotelcastello-mo.it\/de\/modena\/","url":"https:\/\/www.hotelcastello-mo.it\/de\/modena\/","name":"Modena - HOTEL CASTELLO","isPartOf":{"@id":"https:\/\/www.hotelcastello-mo.it\/#website"},"datePublished":"2024-05-14T09:04:42+00:00","dateModified":"2024-06-11T12:31:11+00:00","description":"B&B lussuoso e comodo per gli spostamenti vicino alla tangenziale di Modena ma immerso nella quiete e nel verde.","breadcrumb":{"@id":"https:\/\/www.hotelcastello-mo.it\/de\/modena\/#breadcrumb"},"inLanguage":"de","potentialAction":[{"@type":"ReadAction","target":["https:\/\/www.hotelcastello-mo.it\/de\/modena\/"]}]},{"@type":"BreadcrumbList","@id":"https:\/\/www.hotelcastello-mo.it\/de\/modena\/#breadcrumb","itemListElement":[{"@type":"ListItem","position":1,"name":"Home","item":"https:\/\/www.hotelcastello-mo.it\/de\/"},{"@type":"ListItem","position":2,"name":"Modena"}]},{"@type":"WebSite","@id":"https:\/\/www.hotelcastello-mo.it\/#website","url":"https:\/\/www.hotelcastello-mo.it\/","name":"HOTEL CASTELLO - SARA S.r.L.","description":"Hotel tre stelle Modena","publisher":{"@id":"https:\/\/www.hotelcastello-mo.it\/#organization"},"potentialAction":[{"@type":"SearchAction","target":{"@type":"EntryPoint","urlTemplate":"https:\/\/www.hotelcastello-mo.it\/?s={search_term_string}"},"query-input":"required name=search_term_string"}],"inLanguage":"de"},{"@type":"Organization","@id":"https:\/\/www.hotelcastello-mo.it\/#organization","name":"Hotel tre stelle Modena","url":"https:\/\/www.hotelcastello-mo.it\/","logo":{"@type":"ImageObject","inLanguage":"de","@id":"https:\/\/www.hotelcastello-mo.it\/#\/schema\/logo\/image\/","url":"https:\/\/www.hotelcastello-mo.it\/wp-content\/uploads\/2024\/05\/logo_s.png","contentUrl":"https:\/\/www.hotelcastello-mo.it\/wp-content\/uploads\/2024\/05\/logo_s.png","width":86,"height":125,"caption":"Hotel tre stelle Modena"},"image":{"@id":"https:\/\/www.hotelcastello-mo.it\/#\/schema\/logo\/image\/"}}]}},"_links":{"self":[{"href":"https:\/\/www.hotelcastello-mo.it\/de\/wp-json\/wp\/v2\/pages\/654"}],"collection":[{"href":"https:\/\/www.hotelcastello-mo.it\/de\/wp-json\/wp\/v2\/pages"}],"about":[{"href":"https:\/\/www.hotelcastello-mo.it\/de\/wp-json\/wp\/v2\/types\/page"}],"author":[{"embeddable":true,"href":"https:\/\/www.hotelcastello-mo.it\/de\/wp-json\/wp\/v2\/users\/1"}],"replies":[{"embeddable":true,"href":"https:\/\/www.hotelcastello-mo.it\/de\/wp-json\/wp\/v2\/comments?post=654"}],"version-history":[{"count":2,"href":"https:\/\/www.hotelcastello-mo.it\/de\/wp-json\/wp\/v2\/pages\/654\/revisions"}],"predecessor-version":[{"id":657,"href":"https:\/\/www.hotelcastello-mo.it\/de\/wp-json\/wp\/v2\/pages\/654\/revisions\/657"}],"wp:attachment":[{"href":"https:\/\/www.hotelcastello-mo.it\/de\/wp-json\/wp\/v2\/media?parent=654"}],"curies":[{"name":"wp","href":"https:\/\/api.w.org\/{rel}","templated":true}]}}