{"id":661,"date":"2024-05-14T11:05:13","date_gmt":"2024-05-14T09:05:13","guid":{"rendered":"https:\/\/www.hotelcastello-mo.it\/contatti\/"},"modified":"2024-06-11T14:41:15","modified_gmt":"2024-06-11T12:41:15","slug":"kontakt","status":"publish","type":"page","link":"https:\/\/www.hotelcastello-mo.it\/de\/kontakt\/","title":{"rendered":"Kontakt"},"content":{"rendered":"<p>[et_pb_section fb_built=&#8220;1&#8243; _builder_version=&#8220;4.25.1&#8243; _module_preset=&#8220;default&#8220; global_colors_info=&#8220;{}&#8220;][et_pb_row column_structure=&#8220;1_2,1_2&#8243; _builder_version=&#8220;4.25.1&#8243; _module_preset=&#8220;default&#8220; width=&#8220;90%&#8220; global_colors_info=&#8220;{}&#8220;][et_pb_column type=&#8220;1_2&#8243; _builder_version=&#8220;4.25.1&#8243; _module_preset=&#8220;default&#8220; global_colors_info=&#8220;{}&#8220;][et_pb_blurb title=&#8220;Adresse&#8220; use_icon=&#8220;on&#8220; font_icon=&#8220;&#xe081;||divi||400&#8243; icon_placement=&#8220;left&#8220; image_icon_width=&#8220;25px&#8220; module_id=&#8220;sajz&#8220; _builder_version=&#8220;4.25.1&#8243; _module_preset=&#8220;default&#8220; header_font=&#8220;|||on|||||&#8220; header_text_color=&#8220;#3b3935&#8243; header_font_size=&#8220;25px&#8220; body_text_color=&#8220;#3b3935&#8243; body_font_size=&#8220;18px&#8220; body_link_text_color=&#8220;#3b3935&#8243; image_icon_custom_padding=&#8220;15px|15px|15px|15px|true|true&#8220; custom_padding=&#8220;||20px|||&#8220; link_option_url=&#8220;https:\/\/maps.app.goo.gl\/WTencskTVPjYgVTF6&#8243; link_option_url_new_window=&#8220;on&#8220; custom_css_free_form=&#8220;@media(max-width:1300px){||   #sajz{||    font-size:13px;||  }||}&#8220; border_width_all_image=&#8220;1px&#8220; border_color_all_image=&#8220;#6f6b59&#8243; locked=&#8220;off&#8220; global_colors_info=&#8220;{}&#8220;]<\/p>\n<p>Via Armando Pica, 321 41126 Modena MO<\/p>\n<p>[\/et_pb_blurb][et_pb_blurb title=&#8220;Telefon&#8220; use_icon=&#8220;on&#8220; font_icon=&#8220;&#xe090;||divi||400&#8243; icon_placement=&#8220;left&#8220; image_icon_width=&#8220;25px&#8220; module_id=&#8220;sajz&#8220; _builder_version=&#8220;4.25.1&#8243; _module_preset=&#8220;default&#8220; header_font=&#8220;|||on|||||&#8220; header_text_color=&#8220;#3b3935&#8243; header_font_size=&#8220;25px&#8220; body_text_color=&#8220;#3b3935&#8243; body_font_size=&#8220;18px&#8220; body_link_text_color=&#8220;#3b3935&#8243; image_icon_custom_padding=&#8220;15px|15px|15px|15px|true|true&#8220; custom_padding=&#8220;||9px|||&#8220; custom_css_free_form=&#8220;@media(max-width:1300px){||   #sajz{||    font-size:13px;||  }||}&#8220; border_width_all_image=&#8220;1px&#8220; border_color_all_image=&#8220;#6f6b59&#8243; locked=&#8220;off&#8220; global_colors_info=&#8220;{}&#8220;]<\/p>\n<p><a href=\"tel:+39059361033\">T.<span style=\"text-decoration: underline;\">+39 059 361033<\/span><\/a><br \/>F.<span style=\"text-decoration: underline;\"><a href=\"tel:+39059366024\">+39 059 366024<\/a><\/span><\/p>\n<p>[\/et_pb_blurb][et_pb_blurb title=&#8220;email&#8220; use_icon=&#8220;on&#8220; font_icon=&#8220;&#xf0e0;||fa||900&#8243; icon_placement=&#8220;left&#8220; image_icon_width=&#8220;25px&#8220; module_id=&#8220;sajz&#8220; _builder_version=&#8220;4.25.1&#8243; _module_preset=&#8220;default&#8220; header_font=&#8220;|||on|||||&#8220; header_text_color=&#8220;#3b3935&#8243; header_font_size=&#8220;25px&#8220; body_text_color=&#8220;#3b3935&#8243; body_font_size=&#8220;18px&#8220; body_link_text_color=&#8220;#3b3935&#8243; image_icon_custom_padding=&#8220;15px|15px|15px|15px|true|true&#8220; link_option_url=&#8220;mailto:info@hotelcastello-mo.it&#8220; custom_css_free_form=&#8220;@media(max-width:1300px){||   #sajz{||    font-size:13px;||  }||}&#8220; border_width_all_image=&#8220;1px&#8220; border_color_all_image=&#8220;#6f6b59&#8243; locked=&#8220;off&#8220; global_colors_info=&#8220;{}&#8220;]<\/p>\n<p><span style=\"text-decoration: underline;\"><a href=\"mailto:info@hotelcastello-mo.it\" target=\"_blank\" rel=\"noopener\">info@hotelcastello-mo.it<\/a><\/span><\/p>\n<p>[\/et_pb_blurb][\/et_pb_column][et_pb_column type=&#8220;1_2&#8243; _builder_version=&#8220;4.25.1&#8243; _module_preset=&#8220;default&#8220; global_colors_info=&#8220;{}&#8220;][dvppl_cf7_styler cf7=&#8220;665&#8243; form_field_padding=&#8220;13px|15px|13px|15px|true|false&#8220; form_field_spacing=&#8220;7px&#8220; _builder_version=&#8220;4.25.1&#8243; _module_preset=&#8220;default&#8220; placeholder_font=&#8220;&#8211;et_global_body_font||||||||&#8220; placeholder_font_size=&#8220;14px&#8220; custom_submit_button=&#8220;on&#8220; submit_button_text_size=&#8220;16px&#8220; submit_button_bg_color=&#8220;#6f6b59&#8243; submit_button_border_color=&#8220;#6f6b59&#8243; submit_button_border_radius=&#8220;0px&#8220; submit_button_font=&#8220;|700||on|||||&#8220; submit_button_custom_padding=&#8220;14px|45px|14px|45px|true|true&#8220; hover_enabled=&#8220;0&#8243; border_radii_field=&#8220;on|0.1px|0.1px|0.1px|0.1px&#8220; border_width_all_field=&#8220;3px&#8220; global_colors_info=&#8220;{}&#8220; sticky_enabled=&#8220;0&#8243;][\/dvppl_cf7_styler][\/et_pb_column][\/et_pb_row][\/et_pb_section][et_pb_section fb_built=&#8220;1&#8243; fullwidth=&#8220;on&#8220; _builder_version=&#8220;4.25.1&#8243; _module_preset=&#8220;default&#8220; global_colors_info=&#8220;{}&#8220;][et_pb_fullwidth_code _builder_version=&#8220;4.25.1&#8243; _module_preset=&#8220;default&#8220; global_colors_info=&#8220;{}&#8220;]<iframe src=\"https:\/\/www.google.com\/maps\/embed?pb=!1m14!1m8!1m3!1d11359.022619254427!2d10.9574033!3d44.6224705!3m2!1i1024!2i768!4f13.1!3m3!1m2!1s0x477fe602a929d473%3A0x42684ea39ab9ea91!2sHotel%20Castello!5e0!3m2!1sen!2s!4v1715757579739!5m2!1sen!2s\" width=\"100%\" height=\"450\" style=\"border:0;\" allowfullscreen=\"\" loading=\"lazy\" referrerpolicy=\"no-referrer-when-downgrade\"><\/iframe>[\/et_pb_fullwidth_code][\/et_pb_section]<\/p>\n","protected":false},"excerpt":{"rendered":"<p>Via Armando Pica, 321 41126 Modena MOT.+39 059 361033F.+39 059 366024info@hotelcastello-mo.it<div class=\"et_pb_with_border et_pb_module dvppl_cf7_styler dvppl_cf7_styler_0\">\n\t\t\t\t\n\t\t\t\t\n\t\t\t\t\n\t\t\t\t\n\t\t\t\t\n\t\t\t\t\n\t\t\t\t<div class=\"et_pb_module_inner\">\n\t\t\t\t\t<div class=\"dipe-cf7-container dipe-cf7-button-left\">\n\t\t\t\t\n\t\t\t\t<div class=\"dipe-cf7 dipe-cf7-styler \">\n\t\t\t\t\t\n<div class=\"wpcf7 no-js\" id=\"wpcf7-f665-o1\" lang=\"de-DE\" dir=\"ltr\">\n<div class=\"screen-reader-response\"><p role=\"status\" aria-live=\"polite\" aria-atomic=\"true\"><\/p> <ul><\/ul><\/div>\n<form action=\"\/de\/wp-json\/wp\/v2\/pages\/661#wpcf7-f665-o1\" method=\"post\" class=\"wpcf7-form init\" aria-label=\"Kontaktformular\" novalidate=\"novalidate\" data-status=\"init\">\n<div style=\"display: none;\">\n<input type=\"hidden\" name=\"_wpcf7\" value=\"665\" \/>\n<input type=\"hidden\" name=\"_wpcf7_version\" value=\"5.9.4\" \/>\n<input type=\"hidden\" name=\"_wpcf7_locale\" value=\"de_DE\" \/>\n<input type=\"hidden\" name=\"_wpcf7_unit_tag\" value=\"wpcf7-f665-o1\" \/>\n<input type=\"hidden\" name=\"_wpcf7_container_post\" value=\"0\" \/>\n<input type=\"hidden\" name=\"_wpcf7_posted_data_hash\" value=\"\" \/>\n<input type=\"hidden\" name=\"_wpcf7_recaptcha_response\" value=\"\" \/>\n<\/div>\n<div class=\"riga-flex\">\n\t<p><span class=\"wpcf7-form-control-wrap\" data-name=\"your-name\"><input size=\"40\" class=\"wpcf7-form-control wpcf7-text wpcf7-validates-as-required\" aria-required=\"true\" aria-invalid=\"false\" placeholder=\"Nome*\" value=\"\" type=\"text\" name=\"your-name\" \/><\/span>\n\t<\/p>\n\t<p><span class=\"wpcf7-form-control-wrap\" data-name=\"your-surname\"><input size=\"40\" class=\"wpcf7-form-control wpcf7-text wpcf7-validates-as-required\" aria-required=\"true\" aria-invalid=\"false\" placeholder=\"Cognome*\" value=\"\" type=\"text\" name=\"your-surname\" \/><\/span>\n\t<\/p>\n<\/div>\n<div class=\"riga-flex\">\n\t<p><span class=\"wpcf7-form-control-wrap\" data-name=\"your-phone\"><input size=\"40\" class=\"wpcf7-form-control wpcf7-tel wpcf7-validates-as-required wpcf7-text wpcf7-validates-as-tel\" aria-required=\"true\" aria-invalid=\"false\" placeholder=\"Telefono*\" value=\"\" type=\"tel\" name=\"your-phone\" \/><\/span>\n\t<\/p>\n\t<p><span class=\"wpcf7-form-control-wrap\" data-name=\"your-email\"><input size=\"40\" class=\"wpcf7-form-control wpcf7-email wpcf7-validates-as-required wpcf7-text wpcf7-validates-as-email\" aria-required=\"true\" aria-invalid=\"false\" placeholder=\"E-mail*\" value=\"\" type=\"email\" name=\"your-email\" \/><\/span>\n\t<\/p>\n<\/div>\n<p><span class=\"wpcf7-form-control-wrap\" data-name=\"your-message\"><textarea cols=\"40\" rows=\"10\" class=\"wpcf7-form-control wpcf7-textarea\" aria-invalid=\"false\" placeholder=\"Messaggio\" name=\"your-message\"><\/textarea><\/span>\n<\/p>\n<div class=\"privacy\">\n\t<p>La scrivente fornisce, di seguito, le informazioni riguardanti l\u2019utilizzo dei dati personali da Lei rilasciati attraverso la compilazione di questo form, in osservanza alle norme di cui al Regolamento UE 2016\/679, relativo alla protezione delle persone fisiche con riguardo al trattamento dei dati personali, nonch\u00e9 alla libera circolazione di tali dati (noto anche come GDPR). I dati concernenti la Sua persona, da Lei spontaneamente forniti tramite la compilazione di moduli informatici, vengono raccolti esclusivamente per consentire il contatto con l\u2019azienda e, eventualmente, eseguire il contratto con Lei concluso. Il conferimento, da parte Sua, dei dati in parola ha natura obbligatoria; il suo eventuale rifiuto non ci permetter\u00e0 di fornirLe il prodotto\/servizio da Lei richiesto (potenzialmente esponendoLa a responsabilit\u00e0 per inadempimento contrattuale) e, comunque, di evadere la Sua richiesta. All\u2019interno della nostra struttura potr\u00e0 venire a conoscenza dei dati solo il personale incaricato di effettuare operazioni di trattamento dei dati stessi, sempre per le citate finalit\u00e0. Le ricordiamo inoltre che, facendone apposita richiesta al titolare del trattamento, potr\u00e0 esercitare tutti i diritti previsti dagli articoli da 15 a 22 del predetto Regolamento UE, che Le consentono, in particolare, la facolt\u00e0 di chiedere l\u2019accesso ai dati personali e di estrarne copia (art. 15 GDPR), la rettifica (art. 16 GDPR) e la cancellazione degli stessi (art. 17 GDPR), la limitazione del trattamento che La riguardi (art. 18 GDPR), la portabilit\u00e0 dei dati (art. 20 GDPR, ove ne ricorrano i presupposti) e di opporsi al trattamento che La riguardi (artt. 21 e 22 GDPR, per le ipotesi ivi menzionate e, in particolare, al trattamento per finalit\u00e0 di marketing o che si traduca in un processo decisionale automatizzato, compresa la profilazione, che produca effetti giuridici che lo riguardano, ove ne ricorrano i presupposti). Le ricordiamo, altres\u00ec, il Suo diritto, qualora il trattamento sia basato sul consenso, di revocare detto consenso in qualsiasi momento, senza pregiudicare la liceit\u00e0 del trattamento basata sul consenso prestato prima della revoca; per fare ci\u00f2, pu\u00f2 disiscriversi in ogni momento contattando il titolare del trattamento ai recapiti pubblicati sul sito stesso. La informiamo, inoltre, del diritto di proporre reclamo all\u2019Autorit\u00e0 Garante per la Protezione dei Dati Personali, quale autorit\u00e0 di controllo operante in Italia, e di proporre ricorso giurisdizionale, tanto avverso una decisione dell\u2019Autorit\u00e0 Garante, quanto nei confronti del titolare del trattamento stesso e\/o di un responsabile del trattamento.\n\t<\/p>\n<\/div>\n<p><span class=\"wpcf7-form-control-wrap\" data-name=\"checkbox-899\"><span class=\"wpcf7-form-control wpcf7-checkbox wpcf7-validates-as-required\"><span class=\"wpcf7-list-item first last\"><input type=\"checkbox\" name=\"checkbox-899[]\" value=\"*  Ho letto e accetto le condizioni della Privacy\" \/><span class=\"wpcf7-list-item-label\">*  Ho letto e accetto le condizioni della Privacy<\/span><\/span><\/span><\/span>\n<\/p>\n<p><input class=\"wpcf7-form-control wpcf7-submit has-spinner\" type=\"submit\" value=\"Invia\" \/>\n<\/p><div class=\"wpcf7-response-output\" aria-hidden=\"true\"><\/div>\n<\/form>\n<\/div>\n\n\t\t\t\t<\/div>\n\t\t\t<\/div>\n\t\t\t\t<\/div>\n\t\t\t<\/div><\/p>\n","protected":false},"author":1,"featured_media":0,"parent":0,"menu_order":0,"comment_status":"closed","ping_status":"closed","template":"","meta":{"_et_pb_use_builder":"on","_et_pb_old_content":"","_et_gb_content_width":"","ngg_post_thumbnail":0,"_joinchat":[],"footnotes":""},"yoast_head":"<!-- This site is optimized with the Yoast SEO plugin v23.0 - https:\/\/yoast.com\/wordpress\/plugins\/seo\/ -->\n<title>Kontakt - HOTEL CASTELLO<\/title>\n<meta name=\"description\" content=\"Uno dei migliori alberghi con parcheggio a Modena a 500m dalla tangenziale, comodo per gli spostamenti per aree industriali e centro.\" \/>\n<meta name=\"robots\" content=\"index, follow, max-snippet:-1, max-image-preview:large, max-video-preview:-1\" \/>\n<link rel=\"canonical\" href=\"https:\/\/www.hotelcastello-mo.it\/de\/kontakt\/\" \/>\n<meta property=\"og:locale\" content=\"de_DE\" \/>\n<meta property=\"og:type\" content=\"article\" \/>\n<meta property=\"og:title\" content=\"Kontakt - HOTEL CASTELLO\" \/>\n<meta property=\"og:description\" content=\"Uno dei migliori alberghi con parcheggio a Modena a 500m dalla tangenziale, comodo per gli spostamenti per aree industriali e centro.\" \/>\n<meta property=\"og:url\" content=\"https:\/\/www.hotelcastello-mo.it\/de\/kontakt\/\" \/>\n<meta property=\"og:site_name\" content=\"HOTEL CASTELLO\" \/>\n<meta property=\"article:modified_time\" content=\"2024-06-11T12:41:15+00:00\" \/>\n<meta name=\"twitter:card\" content=\"summary_large_image\" \/>\n<meta name=\"twitter:label1\" content=\"Gesch\u00e4tzte Lesezeit\" \/>\n\t<meta name=\"twitter:data1\" content=\"3\u00a0Minuten\" \/>\n<script type=\"application\/ld+json\" class=\"yoast-schema-graph\">{\"@context\":\"https:\/\/schema.org\",\"@graph\":[{\"@type\":\"WebPage\",\"@id\":\"https:\/\/www.hotelcastello-mo.it\/de\/kontakt\/\",\"url\":\"https:\/\/www.hotelcastello-mo.it\/de\/kontakt\/\",\"name\":\"Kontakt - HOTEL CASTELLO\",\"isPartOf\":{\"@id\":\"https:\/\/www.hotelcastello-mo.it\/#website\"},\"datePublished\":\"2024-05-14T09:05:13+00:00\",\"dateModified\":\"2024-06-11T12:41:15+00:00\",\"description\":\"Uno dei migliori alberghi con parcheggio a Modena a 500m dalla tangenziale, comodo per gli spostamenti per aree industriali e centro.\",\"breadcrumb\":{\"@id\":\"https:\/\/www.hotelcastello-mo.it\/de\/kontakt\/#breadcrumb\"},\"inLanguage\":\"de\",\"potentialAction\":[{\"@type\":\"ReadAction\",\"target\":[\"https:\/\/www.hotelcastello-mo.it\/de\/kontakt\/\"]}]},{\"@type\":\"BreadcrumbList\",\"@id\":\"https:\/\/www.hotelcastello-mo.it\/de\/kontakt\/#breadcrumb\",\"itemListElement\":[{\"@type\":\"ListItem\",\"position\":1,\"name\":\"Home\",\"item\":\"https:\/\/www.hotelcastello-mo.it\/de\/\"},{\"@type\":\"ListItem\",\"position\":2,\"name\":\"Kontakt\"}]},{\"@type\":\"WebSite\",\"@id\":\"https:\/\/www.hotelcastello-mo.it\/#website\",\"url\":\"https:\/\/www.hotelcastello-mo.it\/\",\"name\":\"HOTEL CASTELLO - SARA S.r.L.\",\"description\":\"Hotel tre stelle Modena\",\"publisher\":{\"@id\":\"https:\/\/www.hotelcastello-mo.it\/#organization\"},\"potentialAction\":[{\"@type\":\"SearchAction\",\"target\":{\"@type\":\"EntryPoint\",\"urlTemplate\":\"https:\/\/www.hotelcastello-mo.it\/?s={search_term_string}\"},\"query-input\":\"required name=search_term_string\"}],\"inLanguage\":\"de\"},{\"@type\":\"Organization\",\"@id\":\"https:\/\/www.hotelcastello-mo.it\/#organization\",\"name\":\"Hotel tre stelle Modena\",\"url\":\"https:\/\/www.hotelcastello-mo.it\/\",\"logo\":{\"@type\":\"ImageObject\",\"inLanguage\":\"de\",\"@id\":\"https:\/\/www.hotelcastello-mo.it\/#\/schema\/logo\/image\/\",\"url\":\"https:\/\/www.hotelcastello-mo.it\/wp-content\/uploads\/2024\/05\/logo_s.png\",\"contentUrl\":\"https:\/\/www.hotelcastello-mo.it\/wp-content\/uploads\/2024\/05\/logo_s.png\",\"width\":86,\"height\":125,\"caption\":\"Hotel tre stelle Modena\"},\"image\":{\"@id\":\"https:\/\/www.hotelcastello-mo.it\/#\/schema\/logo\/image\/\"}}]}<\/script>\n<!-- \/ Yoast SEO plugin. -->","yoast_head_json":{"title":"Kontakt - HOTEL CASTELLO","description":"Uno dei migliori alberghi con parcheggio a Modena a 500m dalla tangenziale, comodo per gli spostamenti per aree industriali e centro.","robots":{"index":"index","follow":"follow","max-snippet":"max-snippet:-1","max-image-preview":"max-image-preview:large","max-video-preview":"max-video-preview:-1"},"canonical":"https:\/\/www.hotelcastello-mo.it\/de\/kontakt\/","og_locale":"de_DE","og_type":"article","og_title":"Kontakt - HOTEL CASTELLO","og_description":"Uno dei migliori alberghi con parcheggio a Modena a 500m dalla tangenziale, comodo per gli spostamenti per aree industriali e centro.","og_url":"https:\/\/www.hotelcastello-mo.it\/de\/kontakt\/","og_site_name":"HOTEL CASTELLO","article_modified_time":"2024-06-11T12:41:15+00:00","twitter_card":"summary_large_image","twitter_misc":{"Gesch\u00e4tzte Lesezeit":"3\u00a0Minuten"},"schema":{"@context":"https:\/\/schema.org","@graph":[{"@type":"WebPage","@id":"https:\/\/www.hotelcastello-mo.it\/de\/kontakt\/","url":"https:\/\/www.hotelcastello-mo.it\/de\/kontakt\/","name":"Kontakt - HOTEL CASTELLO","isPartOf":{"@id":"https:\/\/www.hotelcastello-mo.it\/#website"},"datePublished":"2024-05-14T09:05:13+00:00","dateModified":"2024-06-11T12:41:15+00:00","description":"Uno dei migliori alberghi con parcheggio a Modena a 500m dalla tangenziale, comodo per gli spostamenti per aree industriali e centro.","breadcrumb":{"@id":"https:\/\/www.hotelcastello-mo.it\/de\/kontakt\/#breadcrumb"},"inLanguage":"de","potentialAction":[{"@type":"ReadAction","target":["https:\/\/www.hotelcastello-mo.it\/de\/kontakt\/"]}]},{"@type":"BreadcrumbList","@id":"https:\/\/www.hotelcastello-mo.it\/de\/kontakt\/#breadcrumb","itemListElement":[{"@type":"ListItem","position":1,"name":"Home","item":"https:\/\/www.hotelcastello-mo.it\/de\/"},{"@type":"ListItem","position":2,"name":"Kontakt"}]},{"@type":"WebSite","@id":"https:\/\/www.hotelcastello-mo.it\/#website","url":"https:\/\/www.hotelcastello-mo.it\/","name":"HOTEL CASTELLO - SARA S.r.L.","description":"Hotel tre stelle Modena","publisher":{"@id":"https:\/\/www.hotelcastello-mo.it\/#organization"},"potentialAction":[{"@type":"SearchAction","target":{"@type":"EntryPoint","urlTemplate":"https:\/\/www.hotelcastello-mo.it\/?s={search_term_string}"},"query-input":"required name=search_term_string"}],"inLanguage":"de"},{"@type":"Organization","@id":"https:\/\/www.hotelcastello-mo.it\/#organization","name":"Hotel tre stelle Modena","url":"https:\/\/www.hotelcastello-mo.it\/","logo":{"@type":"ImageObject","inLanguage":"de","@id":"https:\/\/www.hotelcastello-mo.it\/#\/schema\/logo\/image\/","url":"https:\/\/www.hotelcastello-mo.it\/wp-content\/uploads\/2024\/05\/logo_s.png","contentUrl":"https:\/\/www.hotelcastello-mo.it\/wp-content\/uploads\/2024\/05\/logo_s.png","width":86,"height":125,"caption":"Hotel tre stelle Modena"},"image":{"@id":"https:\/\/www.hotelcastello-mo.it\/#\/schema\/logo\/image\/"}}]}},"_links":{"self":[{"href":"https:\/\/www.hotelcastello-mo.it\/de\/wp-json\/wp\/v2\/pages\/661"}],"collection":[{"href":"https:\/\/www.hotelcastello-mo.it\/de\/wp-json\/wp\/v2\/pages"}],"about":[{"href":"https:\/\/www.hotelcastello-mo.it\/de\/wp-json\/wp\/v2\/types\/page"}],"author":[{"embeddable":true,"href":"https:\/\/www.hotelcastello-mo.it\/de\/wp-json\/wp\/v2\/users\/1"}],"replies":[{"embeddable":true,"href":"https:\/\/www.hotelcastello-mo.it\/de\/wp-json\/wp\/v2\/comments?post=661"}],"version-history":[{"count":3,"href":"https:\/\/www.hotelcastello-mo.it\/de\/wp-json\/wp\/v2\/pages\/661\/revisions"}],"predecessor-version":[{"id":666,"href":"https:\/\/www.hotelcastello-mo.it\/de\/wp-json\/wp\/v2\/pages\/661\/revisions\/666"}],"wp:attachment":[{"href":"https:\/\/www.hotelcastello-mo.it\/de\/wp-json\/wp\/v2\/media?parent=661"}],"curies":[{"name":"wp","href":"https:\/\/api.w.org\/{rel}","templated":true}]}}