{"id":667,"date":"2024-05-15T09:29:30","date_gmt":"2024-05-15T07:29:30","guid":{"rendered":"https:\/\/www.hotelcastello-mo.it\/hotel-vicino-autostrada-modena\/"},"modified":"2024-06-11T14:44:52","modified_gmt":"2024-06-11T12:44:52","slug":"hotels-in-der-naehe-der-modena-autobahn","status":"publish","type":"page","link":"https:\/\/www.hotelcastello-mo.it\/de\/hotels-in-der-naehe-der-modena-autobahn\/","title":{"rendered":"Hotels in der N\u00e4he der Modena-Autobahn"},"content":{"rendered":"<p>[et_pb_section fb_built=&#8220;1&#8243; _builder_version=&#8220;4.16&#8243; global_colors_info=&#8220;{}&#8220;][et_pb_row _builder_version=&#8220;4.16&#8243; background_size=&#8220;initial&#8220; background_position=&#8220;top_left&#8220; background_repeat=&#8220;repeat&#8220; global_colors_info=&#8220;{}&#8220;][et_pb_column type=&#8220;4_4&#8243; _builder_version=&#8220;4.16&#8243; custom_padding=&#8220;|||&#8220; global_colors_info=&#8220;{}&#8220; custom_padding__hover=&#8220;|||&#8220;][et_pb_text _builder_version=&#8220;4.25.1&#8243; background_size=&#8220;initial&#8220; background_position=&#8220;top_left&#8220; background_repeat=&#8220;repeat&#8220; hover_enabled=&#8220;0&#8243; global_colors_info=&#8220;{}&#8220; sticky_enabled=&#8220;0&#8243;]<\/p>\n<header class=\"entry-header\">\n<h1 class=\"entry-title\">Hotels in der N\u00e4he der Modena Autobahn<\/h1>\n<\/header>\n<div class=\"entry-content\">\n<p>Wenn Sie auf der Suche nach einem Hotel in der N\u00e4he der Autobahn in Modena sind, sind Sie hier genau richtig. Das Hotel Castello ist ein charmantes Drei-Sterne-Hotel, das seit \u00fcber zwanzig Jahren einen aufmerksamen Service bis ins kleinste Detail bietet<\/p>\n<p><img loading=\"lazy\" decoding=\"async\" class=\"wp-image-156 alignnone size-medium\" src=\"https:\/\/www.hotelcastello-mo.it\/wp-content\/uploads\/2024\/05\/hotel_castello-8293-175-300x200.jpg\" alt=\"\" width=\"300\" height=\"200\"><\/p>\n<p>Unser strategisch g\u00fcnstig gelegenes Hotel verf\u00fcgt \u00fcber 38 Zimmer, die mit jeglichem Komfort ausgestattet sind, ideal f\u00fcr Gesch\u00e4ftsreisende oder f\u00fcr diejenigen, die sich einen einfachen und entspannenden Urlaub g\u00f6nnen m\u00f6chten.<\/p>\n<p>Ein Hotel in der N\u00e4he der Autobahn in Modena? Das Hotel Castello ist die Antwort<\/p>\n<p>Das Hotel Castello ist die ideale L\u00f6sung f\u00fcr alle, die ein Hotel suchen, das leicht zu erreichen ist. Unser Hotel befindet sich in der N\u00e4he der Ausfahrt Modena Sud der Autobahn A1. Wir sind der ideale Ausgangspunkt, um alle wichtigen Orte in Modena in wenigen Minuten zu erreichen. Dar\u00fcber hinaus ist unser Hotel nur wenige Schritte von der Ringstra\u00dfe der Stadt entfernt.<\/p>\n<p>\u00dcberdachte Parkpl\u00e4tze, kostenloses Breitband-Wi-Fi, Zimmerservice, Drucker und Fotokopierer sowie ein Internet-Arbeitsplatz sind nur einige der Serviceleistungen, die unser Hotel bietet.<\/p>\n<p>Unser Hotel in der N\u00e4he der Autobahn ist so konzipiert, dass es den Reisenden maximalen Komfort bietet.<\/p>\n<p>Kontaktinformationen zum Hotel Castello<\/p>\n<p>F\u00fcr weitere Informationen oder um ein Zimmer in unserem Hotel zu buchen, rufen Sie 059361033 an oder schreiben Sie eine E-Mail an: info@hotelcastello-mo.it. Alternativ k\u00f6nnen Sie auch das bequeme Kontaktformular am Ende dieser Seite verwenden. Sie finden uns in der Via Armando Pica 321, Modena. Wir warten auf Sie!<\/p>\n<\/div>\n<p>&nbsp;<br \/><iframe loading=\"lazy\" style=\"border: 0;\" src=\"https:\/\/www.google.com\/maps\/embed?pb=!1m14!1m8!1m3!1d11359.022619254427!2d10.9574033!3d44.6224705!3m2!1i1024!2i768!4f13.1!3m3!1m2!1s0x477fe602a929d473%3A0x42684ea39ab9ea91!2sHotel%20Castello!5e0!3m2!1sen!2s!4v1715757579739!5m2!1sen!2s\" width=\"100%\" height=\"450\" allowfullscreen=\"allowfullscreen\"><\/iframe><\/p>\n<p>[\/et_pb_text][\/et_pb_column][\/et_pb_row][\/et_pb_section]<\/p>\n","protected":false},"excerpt":{"rendered":"<p>Hotels in der N\u00e4he der Modena Autobahn Wenn Sie auf der Suche nach einem Hotel in der N\u00e4he der Autobahn in Modena sind, sind Sie hier genau richtig. Das Hotel Castello ist ein charmantes Drei-Sterne-Hotel, das seit \u00fcber zwanzig Jahren einen aufmerksamen Service bis ins kleinste Detail bietet Unser strategisch g\u00fcnstig gelegenes Hotel verf\u00fcgt \u00fcber [&hellip;]<\/p>\n","protected":false},"author":1,"featured_media":0,"parent":0,"menu_order":0,"comment_status":"closed","ping_status":"closed","template":"","meta":{"_et_pb_use_builder":"on","_et_pb_old_content":"<header class=\"entry-header\">\r\n<h1 class=\"entry-title\">Hotel vicino autostrada Modena<\/h1>\r\n<\/header>\r\n<div class=\"entry-content\">\r\n\r\n<img class=\"alignright wp-image-907\" src=\"https:\/\/www.hotelcastello-mo.it\/wp-content\/uploads\/2024\/05\/hotel_castello-8293-175.jpg\" sizes=\"(max-width: 400px) 100vw, 400px\" srcset=\"https:\/\/www.hotelcastello-mo.it\/wp-content\/uploads\/2016\/05\/head3.jpg 1024w, https:\/\/www.hotelcastello-mo.it\/wp-content\/uploads\/2016\/05\/head3-300x161.jpg 300w, https:\/\/www.hotelcastello-mo.it\/wp-content\/uploads\/2016\/05\/head3-250x134.jpg 250w\" alt=\"Hotel vicino autostrada Modena\" width=\"400\" height=\"214\" data-id=\"907\">Se sei alla ricerca di un\u00a0<strong>hotel vicino l\u2019autostrada a Modena<\/strong>\u00a0sei nel posto giusto.\u00a0<strong>Hotel Castello<\/strong>\u00a0\u00e8 un grazioso\u00a0<strong>hotel a tre stelle<\/strong>\u00a0che da oltre vent\u2019anni offre un servizio attento e curato sin nei minimi particolari.\r\n\r\nSituato in una posizione strategica, il nostro hotel dispone di\u00a0<strong>38 camere dotate di ogni comfort<\/strong>, l\u2019ideale per chi \u00e8 in viaggio di lavoro o per chi si vuole concedere una semplice vacanza all\u2019insegna del relax.\r\n<h2>Hotel vicino autostrada a Modena? Hotel Castello \u00e8 la risposta<\/h2>\r\nHotel Castello \u00e8 la soluzione ideale per chi cerca un hotel facile da raggiungere. Il nostro\u00a0<strong>hotel<\/strong>\u00a0\u00e8 situato\u00a0<strong>vicino all\u2019uscita dell\u2019autostrada A1 di Modena Sud.<\/strong>\u00a0Siamo il punto di partenza ideale per raggiungere in pochi minuti tutti i luoghi pi\u00f9 importanti di Modena. Inoltre, il nostro hotel si trova a\u00a0<strong>pochi passi dall\u2019anello della tangenziale cittadina<\/strong>.\r\n\r\nParcheggio interno, Wi-fi gratuito a banda larga, servizio in camera, stampanti e fotocopiatrici, postazione internet, sono solo alcuni dei\u00a0<a href=\"https:\/\/www.hotelcastello-mo.it\/servizi\/\">servizi erogati<\/a>\u00a0dalla nostra struttura.\r\n\r\nIl nostro hotel vicino all\u2019autostrada \u00e8 pensato per offrire il\u00a0<strong>massimo comfort ai viaggiatori<\/strong>.\r\n<h3>I contatti di Hotel Castello<\/h3>\r\nPer maggiori informazioni o per prenotare una camera nel nostro hotel chiama subito il numero\u00a0<a href=\"tel:+39059361033\">059361033<\/a>\u00a0o scrivi una mail all\u2019indirizzo:\u00a0<a href=\"mailto:info@hotelcastello-mo.it\">info@hotelcastello-mo.it<\/a>. In alternativa, puoi utilizzare il comodo form di contatto presente in fondo a questa pagina.\u00a0Ci troviamo in Via Armando Pica 321, Modena. Ti aspettiamo!\r\n\r\n<\/div>\r\n\u00a0\r\n<iframe src=\"https:\/\/www.google.com\/maps\/embed?pb=!1m14!1m8!1m3!1d11359.022619254427!2d10.9574033!3d44.6224705!3m2!1i1024!2i768!4f13.1!3m3!1m2!1s0x477fe602a929d473%3A0x42684ea39ab9ea91!2sHotel%20Castello!5e0!3m2!1sen!2s!4v1715757579739!5m2!1sen!2s\" width=\"100%\" height=\"450\" style=\"border:0;\" allowfullscreen=\"\" loading=\"lazy\" referrerpolicy=\"no-referrer-when-downgrade\"><\/iframe>","_et_gb_content_width":"","ngg_post_thumbnail":0,"_joinchat":[],"footnotes":""},"yoast_head":"<!-- This site is optimized with the Yoast SEO plugin v23.0 - https:\/\/yoast.com\/wordpress\/plugins\/seo\/ -->\n<title>Hotels in der N\u00e4he der Modena-Autobahn - HOTEL CASTELLO<\/title>\n<meta name=\"robots\" content=\"index, follow, max-snippet:-1, max-image-preview:large, max-video-preview:-1\" \/>\n<link rel=\"canonical\" href=\"https:\/\/www.hotelcastello-mo.it\/de\/hotels-in-der-naehe-der-modena-autobahn\/\" \/>\n<meta property=\"og:locale\" content=\"de_DE\" \/>\n<meta property=\"og:type\" content=\"article\" \/>\n<meta property=\"og:title\" content=\"Hotels in der N\u00e4he der Modena-Autobahn - HOTEL CASTELLO\" \/>\n<meta property=\"og:description\" content=\"Hotels in der N\u00e4he der Modena Autobahn Wenn Sie auf der Suche nach einem Hotel in der N\u00e4he der Autobahn in Modena sind, sind Sie hier genau richtig. Das Hotel Castello ist ein charmantes Drei-Sterne-Hotel, das seit \u00fcber zwanzig Jahren einen aufmerksamen Service bis ins kleinste Detail bietet Unser strategisch g\u00fcnstig gelegenes Hotel verf\u00fcgt \u00fcber [&hellip;]\" \/>\n<meta property=\"og:url\" content=\"https:\/\/www.hotelcastello-mo.it\/de\/hotels-in-der-naehe-der-modena-autobahn\/\" \/>\n<meta property=\"og:site_name\" content=\"HOTEL CASTELLO\" \/>\n<meta property=\"article:modified_time\" content=\"2024-06-11T12:44:52+00:00\" \/>\n<meta property=\"og:image\" content=\"https:\/\/www.hotelcastello-mo.it\/wp-content\/uploads\/2024\/05\/hotel_castello-8293-175-300x200.jpg\" \/>\n<meta name=\"twitter:card\" content=\"summary_large_image\" \/>\n<meta name=\"twitter:label1\" content=\"Gesch\u00e4tzte Lesezeit\" \/>\n\t<meta name=\"twitter:data1\" content=\"2\u00a0Minuten\" \/>\n<script type=\"application\/ld+json\" class=\"yoast-schema-graph\">{\"@context\":\"https:\/\/schema.org\",\"@graph\":[{\"@type\":\"WebPage\",\"@id\":\"https:\/\/www.hotelcastello-mo.it\/de\/hotels-in-der-naehe-der-modena-autobahn\/\",\"url\":\"https:\/\/www.hotelcastello-mo.it\/de\/hotels-in-der-naehe-der-modena-autobahn\/\",\"name\":\"Hotels in der N\u00e4he der Modena-Autobahn - HOTEL CASTELLO\",\"isPartOf\":{\"@id\":\"https:\/\/www.hotelcastello-mo.it\/#website\"},\"primaryImageOfPage\":{\"@id\":\"https:\/\/www.hotelcastello-mo.it\/de\/hotels-in-der-naehe-der-modena-autobahn\/#primaryimage\"},\"image\":{\"@id\":\"https:\/\/www.hotelcastello-mo.it\/de\/hotels-in-der-naehe-der-modena-autobahn\/#primaryimage\"},\"thumbnailUrl\":\"https:\/\/www.hotelcastello-mo.it\/wp-content\/uploads\/2024\/05\/hotel_castello-8293-175-300x200.jpg\",\"datePublished\":\"2024-05-15T07:29:30+00:00\",\"dateModified\":\"2024-06-11T12:44:52+00:00\",\"breadcrumb\":{\"@id\":\"https:\/\/www.hotelcastello-mo.it\/de\/hotels-in-der-naehe-der-modena-autobahn\/#breadcrumb\"},\"inLanguage\":\"de\",\"potentialAction\":[{\"@type\":\"ReadAction\",\"target\":[\"https:\/\/www.hotelcastello-mo.it\/de\/hotels-in-der-naehe-der-modena-autobahn\/\"]}]},{\"@type\":\"ImageObject\",\"inLanguage\":\"de\",\"@id\":\"https:\/\/www.hotelcastello-mo.it\/de\/hotels-in-der-naehe-der-modena-autobahn\/#primaryimage\",\"url\":\"https:\/\/www.hotelcastello-mo.it\/wp-content\/uploads\/2024\/05\/hotel_castello-8293-175-300x200.jpg\",\"contentUrl\":\"https:\/\/www.hotelcastello-mo.it\/wp-content\/uploads\/2024\/05\/hotel_castello-8293-175-300x200.jpg\"},{\"@type\":\"BreadcrumbList\",\"@id\":\"https:\/\/www.hotelcastello-mo.it\/de\/hotels-in-der-naehe-der-modena-autobahn\/#breadcrumb\",\"itemListElement\":[{\"@type\":\"ListItem\",\"position\":1,\"name\":\"Home\",\"item\":\"https:\/\/www.hotelcastello-mo.it\/de\/\"},{\"@type\":\"ListItem\",\"position\":2,\"name\":\"Hotels in der N\u00e4he der Modena-Autobahn\"}]},{\"@type\":\"WebSite\",\"@id\":\"https:\/\/www.hotelcastello-mo.it\/#website\",\"url\":\"https:\/\/www.hotelcastello-mo.it\/\",\"name\":\"HOTEL CASTELLO - SARA S.r.L.\",\"description\":\"Hotel tre stelle Modena\",\"publisher\":{\"@id\":\"https:\/\/www.hotelcastello-mo.it\/#organization\"},\"potentialAction\":[{\"@type\":\"SearchAction\",\"target\":{\"@type\":\"EntryPoint\",\"urlTemplate\":\"https:\/\/www.hotelcastello-mo.it\/?s={search_term_string}\"},\"query-input\":\"required name=search_term_string\"}],\"inLanguage\":\"de\"},{\"@type\":\"Organization\",\"@id\":\"https:\/\/www.hotelcastello-mo.it\/#organization\",\"name\":\"Hotel tre stelle Modena\",\"url\":\"https:\/\/www.hotelcastello-mo.it\/\",\"logo\":{\"@type\":\"ImageObject\",\"inLanguage\":\"de\",\"@id\":\"https:\/\/www.hotelcastello-mo.it\/#\/schema\/logo\/image\/\",\"url\":\"https:\/\/www.hotelcastello-mo.it\/wp-content\/uploads\/2024\/05\/logo_s.png\",\"contentUrl\":\"https:\/\/www.hotelcastello-mo.it\/wp-content\/uploads\/2024\/05\/logo_s.png\",\"width\":86,\"height\":125,\"caption\":\"Hotel tre stelle Modena\"},\"image\":{\"@id\":\"https:\/\/www.hotelcastello-mo.it\/#\/schema\/logo\/image\/\"}}]}<\/script>\n<!-- \/ Yoast SEO plugin. -->","yoast_head_json":{"title":"Hotels in der N\u00e4he der Modena-Autobahn - HOTEL CASTELLO","robots":{"index":"index","follow":"follow","max-snippet":"max-snippet:-1","max-image-preview":"max-image-preview:large","max-video-preview":"max-video-preview:-1"},"canonical":"https:\/\/www.hotelcastello-mo.it\/de\/hotels-in-der-naehe-der-modena-autobahn\/","og_locale":"de_DE","og_type":"article","og_title":"Hotels in der N\u00e4he der Modena-Autobahn - HOTEL CASTELLO","og_description":"Hotels in der N\u00e4he der Modena Autobahn Wenn Sie auf der Suche nach einem Hotel in der N\u00e4he der Autobahn in Modena sind, sind Sie hier genau richtig. Das Hotel Castello ist ein charmantes Drei-Sterne-Hotel, das seit \u00fcber zwanzig Jahren einen aufmerksamen Service bis ins kleinste Detail bietet Unser strategisch g\u00fcnstig gelegenes Hotel verf\u00fcgt \u00fcber [&hellip;]","og_url":"https:\/\/www.hotelcastello-mo.it\/de\/hotels-in-der-naehe-der-modena-autobahn\/","og_site_name":"HOTEL CASTELLO","article_modified_time":"2024-06-11T12:44:52+00:00","og_image":[{"url":"https:\/\/www.hotelcastello-mo.it\/wp-content\/uploads\/2024\/05\/hotel_castello-8293-175-300x200.jpg"}],"twitter_card":"summary_large_image","twitter_misc":{"Gesch\u00e4tzte Lesezeit":"2\u00a0Minuten"},"schema":{"@context":"https:\/\/schema.org","@graph":[{"@type":"WebPage","@id":"https:\/\/www.hotelcastello-mo.it\/de\/hotels-in-der-naehe-der-modena-autobahn\/","url":"https:\/\/www.hotelcastello-mo.it\/de\/hotels-in-der-naehe-der-modena-autobahn\/","name":"Hotels in der N\u00e4he der Modena-Autobahn - HOTEL CASTELLO","isPartOf":{"@id":"https:\/\/www.hotelcastello-mo.it\/#website"},"primaryImageOfPage":{"@id":"https:\/\/www.hotelcastello-mo.it\/de\/hotels-in-der-naehe-der-modena-autobahn\/#primaryimage"},"image":{"@id":"https:\/\/www.hotelcastello-mo.it\/de\/hotels-in-der-naehe-der-modena-autobahn\/#primaryimage"},"thumbnailUrl":"https:\/\/www.hotelcastello-mo.it\/wp-content\/uploads\/2024\/05\/hotel_castello-8293-175-300x200.jpg","datePublished":"2024-05-15T07:29:30+00:00","dateModified":"2024-06-11T12:44:52+00:00","breadcrumb":{"@id":"https:\/\/www.hotelcastello-mo.it\/de\/hotels-in-der-naehe-der-modena-autobahn\/#breadcrumb"},"inLanguage":"de","potentialAction":[{"@type":"ReadAction","target":["https:\/\/www.hotelcastello-mo.it\/de\/hotels-in-der-naehe-der-modena-autobahn\/"]}]},{"@type":"ImageObject","inLanguage":"de","@id":"https:\/\/www.hotelcastello-mo.it\/de\/hotels-in-der-naehe-der-modena-autobahn\/#primaryimage","url":"https:\/\/www.hotelcastello-mo.it\/wp-content\/uploads\/2024\/05\/hotel_castello-8293-175-300x200.jpg","contentUrl":"https:\/\/www.hotelcastello-mo.it\/wp-content\/uploads\/2024\/05\/hotel_castello-8293-175-300x200.jpg"},{"@type":"BreadcrumbList","@id":"https:\/\/www.hotelcastello-mo.it\/de\/hotels-in-der-naehe-der-modena-autobahn\/#breadcrumb","itemListElement":[{"@type":"ListItem","position":1,"name":"Home","item":"https:\/\/www.hotelcastello-mo.it\/de\/"},{"@type":"ListItem","position":2,"name":"Hotels in der N\u00e4he der Modena-Autobahn"}]},{"@type":"WebSite","@id":"https:\/\/www.hotelcastello-mo.it\/#website","url":"https:\/\/www.hotelcastello-mo.it\/","name":"HOTEL CASTELLO - SARA S.r.L.","description":"Hotel tre stelle Modena","publisher":{"@id":"https:\/\/www.hotelcastello-mo.it\/#organization"},"potentialAction":[{"@type":"SearchAction","target":{"@type":"EntryPoint","urlTemplate":"https:\/\/www.hotelcastello-mo.it\/?s={search_term_string}"},"query-input":"required name=search_term_string"}],"inLanguage":"de"},{"@type":"Organization","@id":"https:\/\/www.hotelcastello-mo.it\/#organization","name":"Hotel tre stelle Modena","url":"https:\/\/www.hotelcastello-mo.it\/","logo":{"@type":"ImageObject","inLanguage":"de","@id":"https:\/\/www.hotelcastello-mo.it\/#\/schema\/logo\/image\/","url":"https:\/\/www.hotelcastello-mo.it\/wp-content\/uploads\/2024\/05\/logo_s.png","contentUrl":"https:\/\/www.hotelcastello-mo.it\/wp-content\/uploads\/2024\/05\/logo_s.png","width":86,"height":125,"caption":"Hotel tre stelle Modena"},"image":{"@id":"https:\/\/www.hotelcastello-mo.it\/#\/schema\/logo\/image\/"}}]}},"_links":{"self":[{"href":"https:\/\/www.hotelcastello-mo.it\/de\/wp-json\/wp\/v2\/pages\/667"}],"collection":[{"href":"https:\/\/www.hotelcastello-mo.it\/de\/wp-json\/wp\/v2\/pages"}],"about":[{"href":"https:\/\/www.hotelcastello-mo.it\/de\/wp-json\/wp\/v2\/types\/page"}],"author":[{"embeddable":true,"href":"https:\/\/www.hotelcastello-mo.it\/de\/wp-json\/wp\/v2\/users\/1"}],"replies":[{"embeddable":true,"href":"https:\/\/www.hotelcastello-mo.it\/de\/wp-json\/wp\/v2\/comments?post=667"}],"version-history":[{"count":2,"href":"https:\/\/www.hotelcastello-mo.it\/de\/wp-json\/wp\/v2\/pages\/667\/revisions"}],"predecessor-version":[{"id":670,"href":"https:\/\/www.hotelcastello-mo.it\/de\/wp-json\/wp\/v2\/pages\/667\/revisions\/670"}],"wp:attachment":[{"href":"https:\/\/www.hotelcastello-mo.it\/de\/wp-json\/wp\/v2\/media?parent=667"}],"curies":[{"name":"wp","href":"https:\/\/api.w.org\/{rel}","templated":true}]}}